{"id":52,"date":"2024-12-30T17:18:42","date_gmt":"2024-12-30T18:18:42","guid":{"rendered":"https:\/\/restauranteaasm.com\/privacy-policy-2\/"},"modified":"2025-01-20T14:30:59","modified_gmt":"2025-01-20T15:30:59","slug":"privacy-policy","status":"publish","type":"page","link":"https:\/\/azoreslab.com\/terauto\/privacy-policy\/","title":{"rendered":"Pol\u00edtica de privacidade"},"content":{"rendered":"\t\t<div data-elementor-type=\"wp-page\" data-elementor-id=\"52\" class=\"elementor elementor-52\" data-elementor-post-type=\"page\">\n\t\t\t\t<div class=\"elementor-element elementor-element-bafdbb7 e-con-full e-flex e-con e-parent\" data-id=\"bafdbb7\" data-element_type=\"container\" data-settings=\"{&quot;background_background&quot;:&quot;classic&quot;}\">\n\t\t<div class=\"elementor-element elementor-element-1e00429 e-con-full e-flex e-con e-child\" data-id=\"1e00429\" data-element_type=\"container\" data-settings=\"{&quot;background_background&quot;:&quot;classic&quot;}\">\n\t\t\t\t<\/div>\n\t\t<div class=\"elementor-element elementor-element-96ea406 e-con-full e-flex elementor-invisible e-con e-child\" data-id=\"96ea406\" data-element_type=\"container\" data-settings=\"{&quot;background_background&quot;:&quot;classic&quot;,&quot;animation&quot;:&quot;fadeIn&quot;}\">\n\t\t\t\t<\/div>\n\t\t\t\t<\/div>\n\t\t<div class=\"elementor-element elementor-element-c4995bb e-flex e-con-boxed elementor-invisible e-con e-parent\" data-id=\"c4995bb\" data-element_type=\"container\" data-settings=\"{&quot;animation&quot;:&quot;fadeInLeft&quot;}\">\n\t\t\t\t\t<div class=\"e-con-inner\">\n\t\t<div class=\"elementor-element elementor-element-4631641 e-con-full e-flex e-con e-child\" data-id=\"4631641\" data-element_type=\"container\" data-settings=\"{&quot;background_background&quot;:&quot;classic&quot;}\">\n\t\t\t\t<div class=\"elementor-element elementor-element-9c5ce63 elementor-widget elementor-widget-heading\" data-id=\"9c5ce63\" data-element_type=\"widget\" data-widget_type=\"heading.default\">\n\t\t\t\t<div class=\"elementor-widget-container\">\n\t\t\t\t\t<h2 class=\"elementor-heading-title elementor-size-default\">a nossa <\/h2>\t\t\t\t<\/div>\n\t\t\t\t<\/div>\n\t\t\t\t<div class=\"elementor-element elementor-element-8c2072a elementor-widget-divider--view-line elementor-widget elementor-widget-divider\" data-id=\"8c2072a\" data-element_type=\"widget\" data-widget_type=\"divider.default\">\n\t\t\t\t<div class=\"elementor-widget-container\">\n\t\t\t\t\t\t\t<div class=\"elementor-divider\">\n\t\t\t<span class=\"elementor-divider-separator\">\n\t\t\t\t\t\t<\/span>\n\t\t<\/div>\n\t\t\t\t\t\t<\/div>\n\t\t\t\t<\/div>\n\t\t\t\t<div class=\"elementor-element elementor-element-5cd7349 elementor-widget__width-initial elementor-widget elementor-widget-heading\" data-id=\"5cd7349\" data-element_type=\"widget\" data-widget_type=\"heading.default\">\n\t\t\t\t<div class=\"elementor-widget-container\">\n\t\t\t\t\t<h1 class=\"elementor-heading-title elementor-size-default\">pol\u00edtica de privacidade<\/h1>\t\t\t\t<\/div>\n\t\t\t\t<\/div>\n\t\t\t\t<\/div>\n\t\t\t\t\t<\/div>\n\t\t\t\t<\/div>\n\t\t<div class=\"elementor-element elementor-element-727fbb85 e-flex e-con-boxed elementor-invisible e-con e-parent\" data-id=\"727fbb85\" data-element_type=\"container\" data-settings=\"{&quot;animation&quot;:&quot;fadeInUp&quot;}\">\n\t\t\t\t\t<div class=\"e-con-inner\">\n\t\t\t\t<div class=\"elementor-element elementor-element-4b27d6e9 elementor-widget elementor-widget-text-editor\" data-id=\"4b27d6e9\" data-element_type=\"widget\" data-widget_type=\"text-editor.default\">\n\t\t\t\t<div class=\"elementor-widget-container\">\n\t\t\t\t\t\t\t\t\t<p>O acesso e uso do website\u00a0<b>www.terauto.pt<\/b>\u00a0(adiante designado de website) atribui a condi\u00e7\u00e3o de utilizador ao visitante do mesmo.<\/p><p><strong>A Terauto &#8211; Sociedade Terceirense de Autom\u00f3veis, Lda<\/strong><strong>,<\/strong>\u00a0com sede no\u00a0Reguinho, S\u00e3o Bento 9700-Angra do Hero\u00edsmo, Portugal,\u00a0com NIF 512 017 018, \u00a0(adiante designado de Administra\u00e7\u00e3o) \u00e9 respons\u00e1vel pelo website e compromete-se a garantir a privacidade dos dados pessoais dos utilizadores do mesmo.<\/p><p>Contactos:<br \/><b style=\"color: var( --e-global-color-text ); font-family: var( --e-global-typography-text-font-family ), Sans-serif; text-align: var(--text-align); font-size: 1rem;\">Por correio:\u00a0<\/b>Reguinho, S\u00e3o Bento 9700-Angra do Hero\u00edsmo, A\u00e7ores Portugal<br \/><b> Por e-mail:\u00a0<\/b>geral@terauto.pt<\/p><p>Por favor, leia o texto que se segue, para compreender e tomar conhecimento da forma como as informa\u00e7\u00f5es que disponibilizar ser\u00e3o tratadas pela <b>Administra\u00e7\u00e3o<\/b>.<\/p>\t\t\t\t\t\t\t\t<\/div>\n\t\t\t\t<\/div>\n\t\t\t\t\t<\/div>\n\t\t\t\t<\/div>\n\t\t<div class=\"elementor-element elementor-element-ad98d60 e-flex e-con-boxed e-con e-parent\" data-id=\"ad98d60\" data-element_type=\"container\">\n\t\t\t\t\t<div class=\"e-con-inner\">\n\t\t\t\t<div class=\"elementor-element elementor-element-b07e651 elementor-widget elementor-widget-heading\" data-id=\"b07e651\" data-element_type=\"widget\" data-widget_type=\"heading.default\">\n\t\t\t\t<div class=\"elementor-widget-container\">\n\t\t\t\t\t<h2 class=\"elementor-heading-title elementor-size-default\">1 \u2013 DEFINI\u00c7\u00c3O<\/h2>\t\t\t\t<\/div>\n\t\t\t\t<\/div>\n\t\t\t\t<div class=\"elementor-element elementor-element-ce00840 elementor-widget elementor-widget-text-editor\" data-id=\"ce00840\" data-element_type=\"widget\" data-widget_type=\"text-editor.default\">\n\t\t\t\t<div class=\"elementor-widget-container\">\n\t\t\t\t\t\t\t\t\t<p><strong>1.1<\/strong>\u00a0Por dados pessoais deve ser entendida a informa\u00e7\u00e3o, de qualquer natureza e suporte, incluindo-se o som e imagem, relativa a uma pessoa singular identificada ou identific\u00e1vel. \u00c9 considerada como identific\u00e1vel uma pessoa que possa ser identificada, direta ou indiretamente, designadamente por refer\u00eancia a um n\u00famero de identifica\u00e7\u00e3o ou a um ou mais elementos espec\u00edficos da sua identidade f\u00edsica, fisiol\u00f3gica, ps\u00edquica, econ\u00f3mica, cultural ou social.<\/p>\t\t\t\t\t\t\t\t<\/div>\n\t\t\t\t<\/div>\n\t\t\t\t\t<\/div>\n\t\t\t\t<\/div>\n\t\t<div class=\"elementor-element elementor-element-20c4869 e-flex e-con-boxed e-con e-parent\" data-id=\"20c4869\" data-element_type=\"container\">\n\t\t\t\t\t<div class=\"e-con-inner\">\n\t\t\t\t<div class=\"elementor-element elementor-element-4a93736 elementor-widget elementor-widget-heading\" data-id=\"4a93736\" data-element_type=\"widget\" data-widget_type=\"heading.default\">\n\t\t\t\t<div class=\"elementor-widget-container\">\n\t\t\t\t\t<h2 class=\"elementor-heading-title elementor-size-default\">2 \u2013 RESPONS\u00c1VEL PELO TRATAMENTO E AUTORIDADE DE CONTROLO NACIONAL<\/h2>\t\t\t\t<\/div>\n\t\t\t\t<\/div>\n\t\t\t\t<div class=\"elementor-element elementor-element-7965742 elementor-widget elementor-widget-text-editor\" data-id=\"7965742\" data-element_type=\"widget\" data-widget_type=\"text-editor.default\">\n\t\t\t\t<div class=\"elementor-widget-container\">\n\t\t\t\t\t\t\t\t\t<p><strong>2.1\u00a0<\/strong>\u00a0A <b>Administra\u00e7\u00e3o <\/b>\u00e9 respons\u00e1vel pela recolha e tratamento dos dados pessoais dos Utilizadores, designadamente, pelas categorias de dados recolhidos, qual o tratamento dos mesmos e as finalidades para que s\u00e3o utilizados.<\/p>\n<p><strong>2.2\u00a0<\/strong>\u00a0Autoridade de controlo nacional |\u00a0A autoridade de controlo nacional \u00e9 a Comiss\u00e3o nacional de Prote\u00e7\u00e3o de dados (CNPD):\u00a0Av. D. Carlos I, 134 \u2013 1.\u00ba 1200-651 Lisboa, email\u00a0<a href=\"mailto:geral@cnpd.pt\">geral@cnpd.pt<\/a><\/p>\t\t\t\t\t\t\t\t<\/div>\n\t\t\t\t<\/div>\n\t\t\t\t\t<\/div>\n\t\t\t\t<\/div>\n\t\t<div class=\"elementor-element elementor-element-0c237f1 e-flex e-con-boxed e-con e-parent\" data-id=\"0c237f1\" data-element_type=\"container\">\n\t\t\t\t\t<div class=\"e-con-inner\">\n\t\t\t\t<div class=\"elementor-element elementor-element-58945a3 elementor-widget elementor-widget-heading\" data-id=\"58945a3\" data-element_type=\"widget\" data-widget_type=\"heading.default\">\n\t\t\t\t<div class=\"elementor-widget-container\">\n\t\t\t\t\t<h2 class=\"elementor-heading-title elementor-size-default\">3 \u2013 DADOS PESSOAIS RECOLHIDOS E FINALIDADES<\/h2>\t\t\t\t<\/div>\n\t\t\t\t<\/div>\n\t\t\t\t<div class=\"elementor-element elementor-element-2eeab2f elementor-widget elementor-widget-text-editor\" data-id=\"2eeab2f\" data-element_type=\"widget\" data-widget_type=\"text-editor.default\">\n\t\t\t\t<div class=\"elementor-widget-container\">\n\t\t\t\t\t\t\t\t\t<p><strong>3.1\u00a0<\/strong>\u00a0Acesso ao website e navega\u00e7\u00e3o: com o acesso ao website s\u00e3o recolhidos de forma autom\u00e1tica um conjunto de dados inform\u00e1ticos, que s\u00e3o gravados de forma tempor\u00e1ria em ficheiros pr\u00f3prios, sendo eliminados de forma tamb\u00e9m autom\u00e1tica ap\u00f3s determinado per\u00edodo. A recolha destes dados tem objetivos meramente t\u00e9cnicos, como sejam a configura\u00e7\u00e3o da liga\u00e7\u00e3o, a seguran\u00e7a do sistema, a administra\u00e7\u00e3o t\u00e9cnica da rede e a otimiza\u00e7\u00e3o do nosso s\u00edtio.<\/p><p>Os dados a que nos referimos s\u00e3o os seguintes:<br \/>a) Endere\u00e7o IP do processador requerente;<br \/>b) Data e hora de acesso;<br \/>c) Nome e URL do ficheiro transferido;<br \/>d) Volume dos dados transmitidos;<br \/>e) Indica\u00e7\u00e3o sobre se a transfer\u00eancia foi efetuada com \u00eaxito;<br \/>f) Dados de identifica\u00e7\u00e3o do software do navegador e do sistema operativo;<br \/>g) S\u00edtio Web a partir do qual acedeu ao nosso s\u00edtio;<br \/>h) Nome do fornecedor de servi\u00e7o de Internet.<\/p><p><strong>3.2\u00a0<\/strong>\u00a0Durante a visita ao website, a <b>Administra\u00e7\u00e3o <\/b>poder\u00e1 recolher dados pessoais do utilizador (por exemplo, por e-mail, ao preencher o formul\u00e1rio de contacto, ou\u00a0um formul\u00e1rio de pedido de reserva).<\/p><p><strong>3.3\u00a0<\/strong>\u00a0Para preencher o formul\u00e1rio de contacto \u00e9-lhe requerido nome, localidade, contato, e-mail. \u00c9 tamb\u00e9m disponibilizada uma caixa de di\u00e1logo em que pode deixar registada mais informa\u00e7\u00e3o que contenha outros dados pessoais.<\/p><p><b>3.4<\/b>\u00a0\u00a0Para preencher o formul\u00e1rio de proposta de or\u00e7amento \u00e9-lhe requerido nome, localidade, contato, e-mail, dados do seu projeto, entre outros. \u00c9 tamb\u00e9m disponibilizada uma caixa de di\u00e1logo em que pode deixar registada mais informa\u00e7\u00e3o que contenha outros dados pessoais.<\/p><p><strong>3.5\u00a0\u00a0<\/strong>Ao utilizar o website compromete-se a aceitar a presente Pol\u00edtica de Privacidade, tal como se explica nesta se\u00e7\u00e3o do website. Se n\u00e3o aceitar os termos desta Pol\u00edtica de Privacidade, pedimos-lhe que n\u00e3o faculte nenhum dado de car\u00e1cter pessoal atrav\u00e9s deste website.<\/p><p><strong>3.6\u00a0\u00a0<\/strong>O Utilizador garante que os dados pessoais facultados s\u00e3o verdadeiros e torna-se respons\u00e1vel por comunicar qualquer altera\u00e7\u00e3o dos mesmos.<\/p>\t\t\t\t\t\t\t\t<\/div>\n\t\t\t\t<\/div>\n\t\t\t\t\t<\/div>\n\t\t\t\t<\/div>\n\t\t<div class=\"elementor-element elementor-element-242e17d e-flex e-con-boxed e-con e-parent\" data-id=\"242e17d\" data-element_type=\"container\">\n\t\t\t\t\t<div class=\"e-con-inner\">\n\t\t\t\t<div class=\"elementor-element elementor-element-1488b87 elementor-widget elementor-widget-heading\" data-id=\"1488b87\" data-element_type=\"widget\" data-widget_type=\"heading.default\">\n\t\t\t\t<div class=\"elementor-widget-container\">\n\t\t\t\t\t<h2 class=\"elementor-heading-title elementor-size-default\">4 \u2013 PER\u00cdODO DE CONSERVA\u00c7\u00c3O DOS SEUS DADOS<\/h2>\t\t\t\t<\/div>\n\t\t\t\t<\/div>\n\t\t\t\t<div class=\"elementor-element elementor-element-79f05a9 elementor-widget elementor-widget-text-editor\" data-id=\"79f05a9\" data-element_type=\"widget\" data-widget_type=\"text-editor.default\">\n\t\t\t\t<div class=\"elementor-widget-container\">\n\t\t\t\t\t\t\t\t\t<p>Os dados pessoais do utilizador ser\u00e3o conservados pelo prazo necess\u00e1rio ao cumprimento de obriga\u00e7\u00f5es legais. Na aus\u00eancia de exig\u00eancia legal especifica, os dados pessoais do utilizador ser\u00e3o armazenados e conservados pelo prazo de 5 anos ap\u00f3s a \u00faltima altera\u00e7\u00e3o, atualiza\u00e7\u00e3o ou intera\u00e7\u00e3o do utilizador com o nosso website. Findo este prazo, os mesmos ser\u00e3o eliminados.<\/p>\t\t\t\t\t\t\t\t<\/div>\n\t\t\t\t<\/div>\n\t\t\t\t\t<\/div>\n\t\t\t\t<\/div>\n\t\t<div class=\"elementor-element elementor-element-904f47d e-flex e-con-boxed e-con e-parent\" data-id=\"904f47d\" data-element_type=\"container\">\n\t\t\t\t\t<div class=\"e-con-inner\">\n\t\t\t\t<div class=\"elementor-element elementor-element-e6955cf elementor-widget elementor-widget-heading\" data-id=\"e6955cf\" data-element_type=\"widget\" data-widget_type=\"heading.default\">\n\t\t\t\t<div class=\"elementor-widget-container\">\n\t\t\t\t\t<h2 class=\"elementor-heading-title elementor-size-default\">5 \u2013 ARMAZENAMENTO DOS SEUS DADOS PESSOAIS<\/h2>\t\t\t\t<\/div>\n\t\t\t\t<\/div>\n\t\t\t\t<div class=\"elementor-element elementor-element-f19625b elementor-widget elementor-widget-text-editor\" data-id=\"f19625b\" data-element_type=\"widget\" data-widget_type=\"text-editor.default\">\n\t\t\t\t<div class=\"elementor-widget-container\">\n\t\t\t\t\t\t\t\t\t<p>Os dados pessoais recolhidos e tratados pela <b>Administra\u00e7\u00e3o <\/b>s\u00e3o armazenados em servidores com acesso limitado, localizados em instala\u00e7\u00f5es controladas.<\/p>\t\t\t\t\t\t\t\t<\/div>\n\t\t\t\t<\/div>\n\t\t\t\t\t<\/div>\n\t\t\t\t<\/div>\n\t\t<div class=\"elementor-element elementor-element-5b660b9 e-flex e-con-boxed e-con e-parent\" data-id=\"5b660b9\" data-element_type=\"container\">\n\t\t\t\t\t<div class=\"e-con-inner\">\n\t\t\t\t<div class=\"elementor-element elementor-element-26ef0ff elementor-widget elementor-widget-heading\" data-id=\"26ef0ff\" data-element_type=\"widget\" data-widget_type=\"heading.default\">\n\t\t\t\t<div class=\"elementor-widget-container\">\n\t\t\t\t\t<h2 class=\"elementor-heading-title elementor-size-default\">6 \u2013 TRANSFER\u00caNCIAS DE DADOS PARA O ESTRANGEIRO<\/h2>\t\t\t\t<\/div>\n\t\t\t\t<\/div>\n\t\t\t\t<div class=\"elementor-element elementor-element-47b76c7 elementor-widget elementor-widget-text-editor\" data-id=\"47b76c7\" data-element_type=\"widget\" data-widget_type=\"text-editor.default\">\n\t\t\t\t<div class=\"elementor-widget-container\">\n\t\t\t\t\t\t\t\t\t<p>A presta\u00e7\u00e3o de determinados servi\u00e7os pela <b>Administra\u00e7\u00e3o\u00a0<\/b>pode implicar a transfer\u00eancia dos seus dados para fora de Portugal. Em tal caso, a <b>Administra\u00e7\u00e3o <\/b>cumprir\u00e1 rigorosamente as disposi\u00e7\u00f5es legais aplic\u00e1veis, nomeadamente quanto \u00e0 determina\u00e7\u00e3o da adequabilidade de tal Pa\u00eds no que respeita a prote\u00e7\u00e3o de dados pessoais e aos requisitos aplic\u00e1veis a tais transfer\u00eancias.<\/p>\t\t\t\t\t\t\t\t<\/div>\n\t\t\t\t<\/div>\n\t\t\t\t\t<\/div>\n\t\t\t\t<\/div>\n\t\t<div class=\"elementor-element elementor-element-cadb865 e-flex e-con-boxed e-con e-parent\" data-id=\"cadb865\" data-element_type=\"container\">\n\t\t\t\t\t<div class=\"e-con-inner\">\n\t\t\t\t<div class=\"elementor-element elementor-element-62e1e15 elementor-widget elementor-widget-heading\" data-id=\"62e1e15\" data-element_type=\"widget\" data-widget_type=\"heading.default\">\n\t\t\t\t<div class=\"elementor-widget-container\">\n\t\t\t\t\t<h2 class=\"elementor-heading-title elementor-size-default\">7 \u2013 SEGURAN\u00c7A E CONFIDENCIALIDADE DOS DADOS<\/h2>\t\t\t\t<\/div>\n\t\t\t\t<\/div>\n\t\t\t\t<div class=\"elementor-element elementor-element-b0407a3 elementor-widget elementor-widget-text-editor\" data-id=\"b0407a3\" data-element_type=\"widget\" data-widget_type=\"text-editor.default\">\n\t\t\t\t<div class=\"elementor-widget-container\">\n\t\t\t\t\t\t\t\t\t<p>\u00c9 objetivo da <b>Administra\u00e7\u00e3o <\/b>garantir a qualidade e integridade da informa\u00e7\u00e3o fornecida pelos utilizadores do website, tendo para isso implementado as medidas necess\u00e1rias, tanto ao n\u00edvel tecnol\u00f3gico como organizacional, de forma a manter a informa\u00e7\u00e3o segura, designadamente, sistemas de autentica\u00e7\u00e3o \/ controlo de acessos (login e password), utiliza\u00e7\u00e3o de firewall e sistemas de dete\u00e7\u00e3o de intrus\u00e3o, registo das a\u00e7\u00f5es efetuadas pelos colaboradores da <b>Administra\u00e7\u00e3o <\/b>sobre dados pessoais dos clientes ou utilizadores (login);<\/p>\t\t\t\t\t\t\t\t<\/div>\n\t\t\t\t<\/div>\n\t\t\t\t\t<\/div>\n\t\t\t\t<\/div>\n\t\t<div class=\"elementor-element elementor-element-d782220 e-flex e-con-boxed e-con e-parent\" data-id=\"d782220\" data-element_type=\"container\">\n\t\t\t\t\t<div class=\"e-con-inner\">\n\t\t\t\t<div class=\"elementor-element elementor-element-dacb0b6 elementor-widget elementor-widget-heading\" data-id=\"dacb0b6\" data-element_type=\"widget\" data-widget_type=\"heading.default\">\n\t\t\t\t<div class=\"elementor-widget-container\">\n\t\t\t\t\t<h2 class=\"elementor-heading-title elementor-size-default\">8 \u2013 COOKIES<\/h2>\t\t\t\t<\/div>\n\t\t\t\t<\/div>\n\t\t\t\t<div class=\"elementor-element elementor-element-7b8b1ce elementor-widget elementor-widget-text-editor\" data-id=\"7b8b1ce\" data-element_type=\"widget\" data-widget_type=\"text-editor.default\">\n\t\t\t\t<div class=\"elementor-widget-container\">\n\t\t\t\t\t\t\t\t\tEste website utiliza cookies para melhorar o seu servi\u00e7o. Alguns cookies s\u00e3o essenciais para garantir as funcionalidades disponibilizadas, enquanto outros s\u00e3o destinadas a melhorar o desempenho e a experi\u00eancia do utilizador. N\u00e3o dever\u00e1 continuar a aceder ao nosso website ap\u00f3s o alerta sobre os cookies, se n\u00e3o concordar com a sua utiliza\u00e7\u00e3o. Para mais informa\u00e7\u00f5es sobre os cookies usados por este website e forma de os gerir e modificar, por favor consulte a nossa Pol\u00edtica de cookies. Utilizamos o plugin CookieYes, que guarda um log com a data, hora e qual a op\u00e7\u00e3o que selecionou para a permiss\u00e3o de cookies durante a sua visita ao nosso website.\t\t\t\t\t\t\t\t<\/div>\n\t\t\t\t<\/div>\n\t\t\t\t\t<\/div>\n\t\t\t\t<\/div>\n\t\t<div class=\"elementor-element elementor-element-64c1981 e-flex e-con-boxed e-con e-parent\" data-id=\"64c1981\" data-element_type=\"container\">\n\t\t\t\t\t<div class=\"e-con-inner\">\n\t\t\t\t<div class=\"elementor-element elementor-element-63e9f68 elementor-widget elementor-widget-heading\" data-id=\"63e9f68\" data-element_type=\"widget\" data-widget_type=\"heading.default\">\n\t\t\t\t<div class=\"elementor-widget-container\">\n\t\t\t\t\t<h2 class=\"elementor-heading-title elementor-size-default\">9 \u2013 DIREITOS DOS TITULARES DOS DADOS<\/h2>\t\t\t\t<\/div>\n\t\t\t\t<\/div>\n\t\t\t\t<div class=\"elementor-element elementor-element-077a120 elementor-widget elementor-widget-text-editor\" data-id=\"077a120\" data-element_type=\"widget\" data-widget_type=\"text-editor.default\">\n\t\t\t\t<div class=\"elementor-widget-container\">\n\t\t\t\t\t\t\t\t\t<p>De acordo com a legisla\u00e7\u00e3o em vigor, o Utilizador tem direito de acesso e retifica\u00e7\u00e3o dos seus Dados, bem como o direito de solicitar a sua elimina\u00e7\u00e3o, opor-se ao seu tratamento e obter a sua limita\u00e7\u00e3o ou portabilidade na medida em que seja aplic\u00e1vel. Pode igualmente opor-se a que os seus Dados sejam utilizados com o fim de cria\u00e7\u00e3o do seu perfil de cliente; neste caso, n\u00e3o poder\u00e1 beneficiar de ofertas ou servi\u00e7os personalizados. Al\u00e9m disso, pode, a qualquer momento, pedir para deixar de receber as nossas comunica\u00e7\u00f5es para efeitos de marketing e publicidade.<\/p>\n<p>Estes direitos podem ser exercidos entrando diretamente em contacto com a <b>Administra\u00e7\u00e3o<\/b>.<\/p>\t\t\t\t\t\t\t\t<\/div>\n\t\t\t\t<\/div>\n\t\t\t\t\t<\/div>\n\t\t\t\t<\/div>\n\t\t<div class=\"elementor-element elementor-element-daf920e e-flex e-con-boxed e-con e-parent\" data-id=\"daf920e\" data-element_type=\"container\">\n\t\t\t\t\t<div class=\"e-con-inner\">\n\t\t\t\t<div class=\"elementor-element elementor-element-b72f8ed elementor-widget elementor-widget-heading\" data-id=\"b72f8ed\" data-element_type=\"widget\" data-widget_type=\"heading.default\">\n\t\t\t\t<div class=\"elementor-widget-container\">\n\t\t\t\t\t<h2 class=\"elementor-heading-title elementor-size-default\">10 \u2013 DIREITO APLIC\u00c1VEL<\/h2>\t\t\t\t<\/div>\n\t\t\t\t<\/div>\n\t\t\t\t<div class=\"elementor-element elementor-element-3c7e82a elementor-widget elementor-widget-text-editor\" data-id=\"3c7e82a\" data-element_type=\"widget\" data-widget_type=\"text-editor.default\">\n\t\t\t\t<div class=\"elementor-widget-container\">\n\t\t\t\t\t\t\t\t\t<p>Em caso de controv\u00e9rsia ou reclama\u00e7\u00e3o de qualquer natureza relacionada com este website ser\u00e1 aplic\u00e1vel a lei portuguesa, independentemente de qualquer conflito de leis aplic\u00e1veis. Sem preju\u00edzo de apresenta\u00e7\u00e3o de queixa junto da autoridade de controlo nacional identificada <b>2.2<\/b>, as partes acordam que todas as a\u00e7\u00f5es ou procedimentos legais decorrentes ou relacionados com esta Pol\u00edtica de Privacidade, ser\u00e3o da compet\u00eancia dos tribunais portugueses e aceitam submeter qualquer lit\u00edgio relativo a esta mat\u00e9ria \u00e0 compet\u00eancia do Tribunal Judicial da Comarca de Ponta Delgada.<\/p>\t\t\t\t\t\t\t\t<\/div>\n\t\t\t\t<\/div>\n\t\t\t\t\t<\/div>\n\t\t\t\t<\/div>\n\t\t<div class=\"elementor-element elementor-element-07ee099 e-flex e-con-boxed e-con e-parent\" data-id=\"07ee099\" data-element_type=\"container\">\n\t\t\t\t\t<div class=\"e-con-inner\">\n\t\t\t\t<div class=\"elementor-element elementor-element-3f02f4f elementor-widget elementor-widget-heading\" data-id=\"3f02f4f\" data-element_type=\"widget\" data-widget_type=\"heading.default\">\n\t\t\t\t<div class=\"elementor-widget-container\">\n\t\t\t\t\t<h2 class=\"elementor-heading-title elementor-size-default\">11 \u2013 ATUALIZA\u00c7\u00d5ES DA PRESENTE POL\u00cdTICA DE PRIVACIDADE<\/h2>\t\t\t\t<\/div>\n\t\t\t\t<\/div>\n\t\t\t\t<div class=\"elementor-element elementor-element-870a7f7 elementor-widget elementor-widget-text-editor\" data-id=\"870a7f7\" data-element_type=\"widget\" data-widget_type=\"text-editor.default\">\n\t\t\t\t<div class=\"elementor-widget-container\">\n\t\t\t\t\t\t\t\t\tEsta Pol\u00edtica de Privacidade est\u00e1 sujeita a altera\u00e7\u00f5es. A indica\u00e7\u00e3o da data da \u00faltima atualiza\u00e7\u00e3o a este documento consta da legenda \u201cAtualizada em\u201d, no rodap\u00e9 deste documento. As altera\u00e7\u00f5es a esta Pol\u00edtica de Privacidade entrar\u00e3o em vigor no momento da sua publica\u00e7\u00e3o no website.\n\t\t\t\t\t\t\t\t<\/div>\n\t\t\t\t<\/div>\n\t\t\t\t\t<\/div>\n\t\t\t\t<\/div>\n\t\t<div class=\"elementor-element elementor-element-14b79f0 e-flex e-con-boxed e-con e-parent\" data-id=\"14b79f0\" data-element_type=\"container\">\n\t\t\t\t\t<div class=\"e-con-inner\">\n\t\t\t\t<div class=\"elementor-element elementor-element-b1b9da7 elementor-widget elementor-widget-text-editor\" data-id=\"b1b9da7\" data-element_type=\"widget\" data-widget_type=\"text-editor.default\">\n\t\t\t\t<div class=\"elementor-widget-container\">\n\t\t\t\t\t\t\t\t\t<p>Esta notifica\u00e7\u00e3o foi atualizada em <b>2 de Fevereiro de 2025<\/b><\/p>\t\t\t\t\t\t\t\t<\/div>\n\t\t\t\t<\/div>\n\t\t\t\t\t<\/div>\n\t\t\t\t<\/div>\n\t\t\t\t<\/div>\n\t\t","protected":false},"excerpt":{"rendered":"<p>a nossa pol\u00edtica de privacidade O acesso e uso do website\u00a0www.terauto.pt\u00a0(adiante designado de website) atribui a condi\u00e7\u00e3o de utilizador ao visitante do mesmo. A Terauto &#8211; Sociedade Terceirense de Autom\u00f3veis, Lda,\u00a0com sede no\u00a0Reguinho, S\u00e3o Bento 9700-Angra do Hero\u00edsmo, Portugal,\u00a0com NIF 512 017 018, \u00a0(adiante designado de Administra\u00e7\u00e3o) \u00e9 respons\u00e1vel pelo website e compromete-se a garantir [&hellip;]<\/p>\n","protected":false},"author":1,"featured_media":0,"parent":0,"menu_order":29,"comment_status":"closed","ping_status":"closed","template":"","meta":{"_acf_changed":false,"footnotes":""},"class_list":["post-52","page","type-page","status-publish","hentry"],"acf":[],"_links":{"self":[{"href":"https:\/\/azoreslab.com\/terauto\/wp-json\/wp\/v2\/pages\/52","targetHints":{"allow":["GET"]}}],"collection":[{"href":"https:\/\/azoreslab.com\/terauto\/wp-json\/wp\/v2\/pages"}],"about":[{"href":"https:\/\/azoreslab.com\/terauto\/wp-json\/wp\/v2\/types\/page"}],"author":[{"embeddable":true,"href":"https:\/\/azoreslab.com\/terauto\/wp-json\/wp\/v2\/users\/1"}],"replies":[{"embeddable":true,"href":"https:\/\/azoreslab.com\/terauto\/wp-json\/wp\/v2\/comments?post=52"}],"version-history":[{"count":0,"href":"https:\/\/azoreslab.com\/terauto\/wp-json\/wp\/v2\/pages\/52\/revisions"}],"wp:attachment":[{"href":"https:\/\/azoreslab.com\/terauto\/wp-json\/wp\/v2\/media?parent=52"}],"curies":[{"name":"wp","href":"https:\/\/api.w.org\/{rel}","templated":true}]}}