{"id":3,"date":"2024-12-30T17:18:42","date_gmt":"2024-12-30T17:18:42","guid":{"rendered":"https:\/\/restauranteaasm.com\/?page_id=3"},"modified":"2025-01-20T14:31:24","modified_gmt":"2025-01-20T15:31:24","slug":"cookies-policy","status":"publish","type":"page","link":"https:\/\/azoreslab.com\/terauto\/cookies-policy\/","title":{"rendered":"Pol\u00edtica de cookies"},"content":{"rendered":"\t\t<div data-elementor-type=\"wp-page\" data-elementor-id=\"3\" class=\"elementor elementor-3\" data-elementor-post-type=\"page\">\n\t\t\t\t<div class=\"elementor-element elementor-element-682449a e-con-full e-flex e-con e-parent\" data-id=\"682449a\" data-element_type=\"container\" data-settings=\"{&quot;background_background&quot;:&quot;classic&quot;}\">\n\t\t<div class=\"elementor-element elementor-element-7e4dc6b e-con-full e-flex e-con e-child\" data-id=\"7e4dc6b\" data-element_type=\"container\" data-settings=\"{&quot;background_background&quot;:&quot;classic&quot;}\">\n\t\t\t\t<\/div>\n\t\t<div class=\"elementor-element elementor-element-9ef4811 e-con-full e-flex elementor-invisible e-con e-child\" data-id=\"9ef4811\" data-element_type=\"container\" data-settings=\"{&quot;background_background&quot;:&quot;classic&quot;,&quot;animation&quot;:&quot;fadeIn&quot;}\">\n\t\t\t\t<\/div>\n\t\t\t\t<\/div>\n\t\t<div class=\"elementor-element elementor-element-d708171 e-flex e-con-boxed elementor-invisible e-con e-parent\" data-id=\"d708171\" data-element_type=\"container\" data-settings=\"{&quot;animation&quot;:&quot;fadeInLeft&quot;}\">\n\t\t\t\t\t<div class=\"e-con-inner\">\n\t\t<div class=\"elementor-element elementor-element-f8eb2bd e-con-full e-flex e-con e-child\" data-id=\"f8eb2bd\" data-element_type=\"container\" data-settings=\"{&quot;background_background&quot;:&quot;classic&quot;}\">\n\t\t\t\t<div class=\"elementor-element elementor-element-79d2c0a elementor-widget elementor-widget-heading\" data-id=\"79d2c0a\" data-element_type=\"widget\" data-widget_type=\"heading.default\">\n\t\t\t\t<div class=\"elementor-widget-container\">\n\t\t\t\t\t<h2 class=\"elementor-heading-title elementor-size-default\">a nossa <\/h2>\t\t\t\t<\/div>\n\t\t\t\t<\/div>\n\t\t\t\t<div class=\"elementor-element elementor-element-1a5ac73 elementor-widget-divider--view-line elementor-widget elementor-widget-divider\" data-id=\"1a5ac73\" data-element_type=\"widget\" data-widget_type=\"divider.default\">\n\t\t\t\t<div class=\"elementor-widget-container\">\n\t\t\t\t\t\t\t<div class=\"elementor-divider\">\n\t\t\t<span class=\"elementor-divider-separator\">\n\t\t\t\t\t\t<\/span>\n\t\t<\/div>\n\t\t\t\t\t\t<\/div>\n\t\t\t\t<\/div>\n\t\t\t\t<div class=\"elementor-element elementor-element-8f467fd elementor-widget__width-initial elementor-widget elementor-widget-heading\" data-id=\"8f467fd\" data-element_type=\"widget\" data-widget_type=\"heading.default\">\n\t\t\t\t<div class=\"elementor-widget-container\">\n\t\t\t\t\t<h1 class=\"elementor-heading-title elementor-size-default\">pol\u00edtica de cookies<\/h1>\t\t\t\t<\/div>\n\t\t\t\t<\/div>\n\t\t\t\t<\/div>\n\t\t\t\t\t<\/div>\n\t\t\t\t<\/div>\n\t\t<div class=\"elementor-element elementor-element-ad98d60 e-flex e-con-boxed elementor-invisible e-con e-parent\" data-id=\"ad98d60\" data-element_type=\"container\" data-settings=\"{&quot;animation&quot;:&quot;fadeInUp&quot;}\">\n\t\t\t\t\t<div class=\"e-con-inner\">\n\t\t\t\t<div class=\"elementor-element elementor-element-ce00840 elementor-widget elementor-widget-text-editor\" data-id=\"ce00840\" data-element_type=\"widget\" data-widget_type=\"text-editor.default\">\n\t\t\t\t<div class=\"elementor-widget-container\">\n\t\t\t\t\t\t\t\t\tEste website utiliza cookies para melhorar o seu servi\u00e7o.\t\t\t\t\t\t\t\t<\/div>\n\t\t\t\t<\/div>\n\t\t\t\t\t<\/div>\n\t\t\t\t<\/div>\n\t\t<div class=\"elementor-element elementor-element-0d39ed4 e-flex e-con-boxed e-con e-parent\" data-id=\"0d39ed4\" data-element_type=\"container\">\n\t\t\t\t\t<div class=\"e-con-inner\">\n\t\t\t\t<div class=\"elementor-element elementor-element-1afe57f elementor-widget elementor-widget-heading\" data-id=\"1afe57f\" data-element_type=\"widget\" data-widget_type=\"heading.default\">\n\t\t\t\t<div class=\"elementor-widget-container\">\n\t\t\t\t\t<h2 class=\"elementor-heading-title elementor-size-default\">1 \u2013 O QUE S\u00c3O COOKIES?<\/h2>\t\t\t\t<\/div>\n\t\t\t\t<\/div>\n\t\t\t\t<div class=\"elementor-element elementor-element-0bf7783 elementor-widget elementor-widget-text-editor\" data-id=\"0bf7783\" data-element_type=\"widget\" data-widget_type=\"text-editor.default\">\n\t\t\t\t<div class=\"elementor-widget-container\">\n\t\t\t\t\t\t\t\t\t<p>Os\u00a0<em>cookies<\/em>\u00a0s\u00e3o pequenos ficheiros de texto que um\u00a0web<em>site<\/em>, ao ser visitado pelo utilizador, coloca no seu computador ou no seu dispositivo m\u00f3vel atrav\u00e9s do navegador de internet (browser). A coloca\u00e7\u00e3o de\u00a0<em>cookies<\/em>\u00a0ajudar\u00e1 o\u00a0<em>site<\/em>\u00a0a reconhecer o seu dispositivo na pr\u00f3xima vez que o utilizador o visita.<\/p><p>Usamos o termo\u00a0<em>cookies<\/em>\u00a0nesta pol\u00edtica para referir todos os ficheiros que recolhem informa\u00e7\u00f5es desta forma. Alguns cookies s\u00e3o essenciais para garantir as funcionalidades disponibilizadas, enquanto outros s\u00e3o destinadas a melhorar o desempenho e a experi\u00eancia do utilizador.\u00a0N\u00e3o dever\u00e1 continuar a aceder ao nosso\u00a0<em>website<\/em>\u00a0ap\u00f3s o alerta sobre os cookies, se n\u00e3o concordar com a sua utiliza\u00e7\u00e3o.<\/p>\t\t\t\t\t\t\t\t<\/div>\n\t\t\t\t<\/div>\n\t\t\t\t\t<\/div>\n\t\t\t\t<\/div>\n\t\t<div class=\"elementor-element elementor-element-20c4869 e-flex e-con-boxed e-con e-parent\" data-id=\"20c4869\" data-element_type=\"container\">\n\t\t\t\t\t<div class=\"e-con-inner\">\n\t\t\t\t<div class=\"elementor-element elementor-element-4a93736 elementor-widget elementor-widget-heading\" data-id=\"4a93736\" data-element_type=\"widget\" data-widget_type=\"heading.default\">\n\t\t\t\t<div class=\"elementor-widget-container\">\n\t\t\t\t\t<h2 class=\"elementor-heading-title elementor-size-default\">2 \u2013 ACEITAR<\/h2>\t\t\t\t<\/div>\n\t\t\t\t<\/div>\n\t\t\t\t<div class=\"elementor-element elementor-element-7965742 elementor-widget elementor-widget-text-editor\" data-id=\"7965742\" data-element_type=\"widget\" data-widget_type=\"text-editor.default\">\n\t\t\t\t<div class=\"elementor-widget-container\">\n\t\t\t\t\t\t\t\t\t<p>Poder\u00e1 a qualquer momento optar por aceitar ou recusar a instala\u00e7\u00e3o de\u00a0<em>cookies\u00a0<\/em>no seu terminal, configurando o software de navega\u00e7\u00e3o.<\/p><p><b>2.1<\/b>\u00a0 Se aceitar cookies<br \/>O registo de uma cookie no seu terminal depende da sua vontade. Em qualquer momento, poder\u00e1 exprimir e modificar a sua escolha gratuitamente atrav\u00e9s das op\u00e7\u00f5es disponibilizadas pelo seu software de navega\u00e7\u00e3o.<\/p><p>Se no software de navega\u00e7\u00e3o que utiliza tiver aceitado a grava\u00e7\u00e3o de cookies no seu terminal, as cookies integradas nas p\u00e1ginas e conte\u00fados que tiver consultado poder\u00e3o ficar temporariamente armazenadas num espa\u00e7o espec\u00edfico do seu terminal. Nesse local, ser\u00e3o leg\u00edveis apenas pelo emissor das mesmas.<\/p><p><b>2.2<\/b>\u00a0 Qual \u00e9 o interesse de aceitar cookies?<br \/>Quando visitar este website, estas cookies registar\u00e3o determinadas informa\u00e7\u00f5es que est\u00e3o armazenadas no seu terminal. Estas informa\u00e7\u00f5es servem, nomeadamente, para lhe propor produtos em fun\u00e7\u00e3o dos artigos que j\u00e1 selecionou aquando de suas visitas anteriores, e permitem-lhe assim beneficiar de uma melhor navega\u00e7\u00e3o no nosso Site.<\/p><p>Usamos o termo\u00a0<em>cookies<\/em>\u00a0nesta pol\u00edtica para referir todos os ficheiros que recolhem informa\u00e7\u00f5es desta forma. Alguns cookies s\u00e3o essenciais para garantir as funcionalidades disponibilizadas, enquanto outros s\u00e3o destinadas a melhorar o desempenho e a experi\u00eancia do utilizador.\u00a0N\u00e3o dever\u00e1 continuar a aceder ao nosso\u00a0<em>website<\/em>\u00a0ap\u00f3s o alerta sobre os cookies, se n\u00e3o concordar com a sua utiliza\u00e7\u00e3o.<\/p>\t\t\t\t\t\t\t\t<\/div>\n\t\t\t\t<\/div>\n\t\t\t\t\t<\/div>\n\t\t\t\t<\/div>\n\t\t<div class=\"elementor-element elementor-element-0c237f1 e-flex e-con-boxed e-con e-parent\" data-id=\"0c237f1\" data-element_type=\"container\">\n\t\t\t\t\t<div class=\"e-con-inner\">\n\t\t\t\t<div class=\"elementor-element elementor-element-58945a3 elementor-widget elementor-widget-heading\" data-id=\"58945a3\" data-element_type=\"widget\" data-widget_type=\"heading.default\">\n\t\t\t\t<div class=\"elementor-widget-container\">\n\t\t\t\t\t<h2 class=\"elementor-heading-title elementor-size-default\">3 \u2013 RECUSAR COOKIES<\/h2>\t\t\t\t<\/div>\n\t\t\t\t<\/div>\n\t\t\t\t<div class=\"elementor-element elementor-element-2eeab2f elementor-widget elementor-widget-text-editor\" data-id=\"2eeab2f\" data-element_type=\"widget\" data-widget_type=\"text-editor.default\">\n\t\t\t\t<div class=\"elementor-widget-container\">\n\t\t\t\t\t\t\t\t\t<p><b>3.1<\/b>\u00a0 \u00a0Se recusar cookies<em>\u00a0<\/em><br \/>Quando recusa\u00a0<em>cookies,<\/em>\u00a0n\u00f3s instalamos contudo uma\u00a0<em>cookie<\/em>\u00a0de\u00a0<em>\u201crecusa<\/em>\u201c. Esta\u00a0<em>cookie\u00a0<\/em>permite-nos memorizar a sua escolha, de modo a evitar que lhe perguntemos a cada visita se deseja aceitar ou recusar cookies.<\/p><p><b>3.2<\/b>\u00a0 Configura\u00e7\u00e3o do seu navegador<br \/>A configura\u00e7\u00e3o da gest\u00e3o das cookies depende de cada navegador e est\u00e1 presente no menu de ajuda do seu navegador.<br \/><br \/><br \/><\/p><div><div><div><div><div><b>No Internet Explorer<br \/><\/b>Para personalizar as defini\u00e7\u00f5es relativas \u00e0s cookies para uma p\u00e1gina web<br \/>No Internet Explorer, clique no bot\u00e3o Ferramentas e depois em Op\u00e7\u00f5es da Internet.<br \/>Clique no separador Privacidade e depois em Sites.<br \/>No espa\u00e7o Endere\u00e7o do Web site, insira o endere\u00e7o completo (URL) da p\u00e1gina web cujas defini\u00e7\u00f5es de privacidade deseja personalizar.\u00a0<br \/>Por exemplo, http:\/\/www.microsoft.com.<br \/>Para autorizar o registo de cookies da p\u00e1gina web especificada no seu computador, clique em Permitir. Para proibir o registo de cookies da p\u00e1gina web especificada no seu computador, clique em Bloquear.<br \/>Repita as etapas 3 e 4 para cada p\u00e1gina web que queira bloquear ou permitir. Quando terminar, clique em OK duas vezes.<\/div><\/div><\/div><\/div><\/div><div>\u00a0<\/div><div><div><div><div><div><b>No Safari<br \/><\/b>V\u00e1 a Prefer\u00eancias, clique no painel Privacidade e, de seguida, Gerir as Cookies.<\/div><\/div><\/div><\/div><\/div><div>\u00a0<\/div><div><div><div><div><div><b>No Chrome<br \/><\/b>Clique no menu do Chrome que est\u00e1 situado na barra de ferramentas do navegador.<br \/>Seleccione Defini\u00e7\u00f5es.<br \/>Clique em Mostrar defini\u00e7\u00f5es avan\u00e7adas.<br \/>Na sec\u00e7\u00e3o \u201cPrivacidade\u201d, clique no bot\u00e3o Defini\u00e7\u00f5es de conte\u00fado.<br \/>Na sec\u00e7\u00e3o \u201cCookies\u201d poder\u00e1 modificar as defini\u00e7\u00f5es seguintes:<br \/>Eliminar cookies\u00a0<br \/>Bloquear cookies por predefini\u00e7\u00e3o\u00a0<br \/>Permitir cookies por predefini\u00e7\u00e3o<br \/>Criar excep\u00e7\u00f5es para cookies de Websites ou dom\u00ednios espec\u00edficos.<\/div><\/div><\/div><\/div><\/div><div>\u00a0<\/div><div><div><div><div><div><b>No Firefox<br \/><\/b>Clique no bot\u00e3o Ferramentas e depois em Op\u00e7\u00f5es.<br \/>Clique no separador Privacidade.<br \/>No Hist\u00f3rico, seleccione \u201cUsar defini\u00e7\u00f5es personalizadas para o hist\u00f3rico.\u201d.<br \/>Assinalar a quadr\u00edcula \u201caceitar cookies\u201d e clicar em excep\u00e7\u00f5es para escolher os s\u00edtios web que ter\u00e3o ou n\u00e3o ter\u00e3o permiss\u00e3o para instalar cookies no seu terminal.<\/div><\/div><\/div><\/div><\/div><div>\u00a0<\/div><div><div><div><div><div><b>No Opera<br \/><\/b>Prefer\u00eancias &gt; Avan\u00e7ado&gt; Cookies\u00a0<br \/>As prefer\u00eancias de cookies permitem-lhe controlar a forma como o Opera gere as cookies. A configura\u00e7\u00e3o por defeito \u00e9 aceitar todas as cookies.<br \/>Aceitar cookies\u00a0<br \/>\u2013 Todas as cookies s\u00e3o aceites (por defeito)<br \/>Aceitar cookies apenas do site que visito\u00a0<br \/>\u2013 As cookies de terceiros, de um dom\u00ednio exterior \u00e0quele que est\u00e1 a visitar, ser\u00e3o recusadas<br \/>Nunca aceitar cookies\u00a0<br \/>\u2013 Todas as cookies ser\u00e3o recusadas\u00a0<\/div><\/div><\/div><\/div><\/div>\t\t\t\t\t\t\t\t<\/div>\n\t\t\t\t<\/div>\n\t\t\t\t\t<\/div>\n\t\t\t\t<\/div>\n\t\t<div class=\"elementor-element elementor-element-242e17d e-flex e-con-boxed e-con e-parent\" data-id=\"242e17d\" data-element_type=\"container\">\n\t\t\t\t\t<div class=\"e-con-inner\">\n\t\t\t\t<div class=\"elementor-element elementor-element-1488b87 elementor-widget elementor-widget-heading\" data-id=\"1488b87\" data-element_type=\"widget\" data-widget_type=\"heading.default\">\n\t\t\t\t<div class=\"elementor-widget-container\">\n\t\t\t\t\t<h2 class=\"elementor-heading-title elementor-size-default\">4 \u2013 ATUALIZA\u00c7\u00c3O DA NOTIFICA\u00c7\u00c3O LEGAL<\/h2>\t\t\t\t<\/div>\n\t\t\t\t<\/div>\n\t\t\t\t<div class=\"elementor-element elementor-element-79f05a9 elementor-widget elementor-widget-text-editor\" data-id=\"79f05a9\" data-element_type=\"widget\" data-widget_type=\"text-editor.default\">\n\t\t\t\t<div class=\"elementor-widget-container\">\n\t\t\t\t\t\t\t\t\t<p>A Administra\u00e7\u00e3o reserva-se o direito de fazer quaisquer altera\u00e7\u00f5es ou corre\u00e7\u00f5es a esta notifica\u00e7\u00e3o de cookies. Por favor consulte esta p\u00e1gina regularmente de modo a rever a informa\u00e7\u00e3o e verificar se existe alguma atualiza\u00e7\u00e3o.<\/p>\t\t\t\t\t\t\t\t<\/div>\n\t\t\t\t<\/div>\n\t\t\t\t\t<\/div>\n\t\t\t\t<\/div>\n\t\t<div class=\"elementor-element elementor-element-14b79f0 e-flex e-con-boxed e-con e-parent\" data-id=\"14b79f0\" data-element_type=\"container\">\n\t\t\t\t\t<div class=\"e-con-inner\">\n\t\t\t\t<div class=\"elementor-element elementor-element-b1b9da7 elementor-widget elementor-widget-text-editor\" data-id=\"b1b9da7\" data-element_type=\"widget\" data-widget_type=\"text-editor.default\">\n\t\t\t\t<div class=\"elementor-widget-container\">\n\t\t\t\t\t\t\t\t\t<p>Esta notifica\u00e7\u00e3o foi atualizada em <b>2 de Fevereiro de 2025<\/b><\/p>\t\t\t\t\t\t\t\t<\/div>\n\t\t\t\t<\/div>\n\t\t\t\t\t<\/div>\n\t\t\t\t<\/div>\n\t\t\t\t<\/div>\n\t\t","protected":false},"excerpt":{"rendered":"<p>a nossa pol\u00edtica de cookies Este website utiliza cookies para melhorar o seu servi\u00e7o. 1 \u2013 O QUE S\u00c3O COOKIES? Os\u00a0cookies\u00a0s\u00e3o pequenos ficheiros de texto que um\u00a0website, ao ser visitado pelo utilizador, coloca no seu computador ou no seu dispositivo m\u00f3vel atrav\u00e9s do navegador de internet (browser). A coloca\u00e7\u00e3o de\u00a0cookies\u00a0ajudar\u00e1 o\u00a0site\u00a0a reconhecer o seu dispositivo [&hellip;]<\/p>\n","protected":false},"author":1,"featured_media":0,"parent":0,"menu_order":30,"comment_status":"closed","ping_status":"closed","template":"","meta":{"_acf_changed":false,"footnotes":""},"class_list":["post-3","page","type-page","status-publish","hentry"],"acf":[],"_links":{"self":[{"href":"https:\/\/azoreslab.com\/terauto\/wp-json\/wp\/v2\/pages\/3","targetHints":{"allow":["GET"]}}],"collection":[{"href":"https:\/\/azoreslab.com\/terauto\/wp-json\/wp\/v2\/pages"}],"about":[{"href":"https:\/\/azoreslab.com\/terauto\/wp-json\/wp\/v2\/types\/page"}],"author":[{"embeddable":true,"href":"https:\/\/azoreslab.com\/terauto\/wp-json\/wp\/v2\/users\/1"}],"replies":[{"embeddable":true,"href":"https:\/\/azoreslab.com\/terauto\/wp-json\/wp\/v2\/comments?post=3"}],"version-history":[{"count":0,"href":"https:\/\/azoreslab.com\/terauto\/wp-json\/wp\/v2\/pages\/3\/revisions"}],"wp:attachment":[{"href":"https:\/\/azoreslab.com\/terauto\/wp-json\/wp\/v2\/media?parent=3"}],"curies":[{"name":"wp","href":"https:\/\/api.w.org\/{rel}","templated":true}]}}