{"id":1827,"date":"2025-01-17T23:48:50","date_gmt":"2025-01-18T00:48:50","guid":{"rendered":"https:\/\/azoreslab.com\/terauto\/fiat-2\/"},"modified":"2025-04-03T21:05:31","modified_gmt":"2025-04-03T22:05:31","slug":"abarth","status":"publish","type":"page","link":"https:\/\/azoreslab.com\/terauto\/abarth\/","title":{"rendered":"ABARTH"},"content":{"rendered":"\t\t<div data-elementor-type=\"wp-page\" data-elementor-id=\"1827\" class=\"elementor elementor-1827\" data-elementor-post-type=\"page\">\n\t\t\t\t<div class=\"elementor-element elementor-element-2f681146 e-con-full e-flex elementor-invisible e-con e-parent\" data-id=\"2f681146\" data-element_type=\"container\" data-settings=\"{&quot;background_background&quot;:&quot;slideshow&quot;,&quot;background_slideshow_gallery&quot;:[{&quot;id&quot;:1829,&quot;url&quot;:&quot;https:\\\/\\\/azoreslab.com\\\/terauto\\\/wp-content\\\/uploads\\\/2025\\\/01\\\/abarth001.jpg&quot;},{&quot;id&quot;:1834,&quot;url&quot;:&quot;https:\\\/\\\/azoreslab.com\\\/terauto\\\/wp-content\\\/uploads\\\/2025\\\/01\\\/abarth003.jpg&quot;},{&quot;id&quot;:1835,&quot;url&quot;:&quot;https:\\\/\\\/azoreslab.com\\\/terauto\\\/wp-content\\\/uploads\\\/2025\\\/01\\\/abarth002.jpg&quot;}],&quot;background_slideshow_slide_transition&quot;:&quot;slide_left&quot;,&quot;background_slideshow_lazyload&quot;:&quot;yes&quot;,&quot;background_slideshow_ken_burns&quot;:&quot;yes&quot;,&quot;animation&quot;:&quot;fadeIn&quot;,&quot;background_slideshow_loop&quot;:&quot;yes&quot;,&quot;background_slideshow_slide_duration&quot;:5000,&quot;background_slideshow_transition_duration&quot;:500,&quot;background_slideshow_ken_burns_zoom_direction&quot;:&quot;in&quot;}\">\n\t\t<div class=\"elementor-element elementor-element-38de425 e-con-full e-flex e-con e-child\" data-id=\"38de425\" data-element_type=\"container\" data-settings=\"{&quot;background_background&quot;:&quot;classic&quot;}\">\n\t\t<div class=\"elementor-element elementor-element-6c5dc5e e-con-full e-flex elementor-invisible e-con e-child\" data-id=\"6c5dc5e\" data-element_type=\"container\" data-settings=\"{&quot;background_background&quot;:&quot;classic&quot;,&quot;animation&quot;:&quot;fadeInUp&quot;}\">\n\t\t\t\t<div class=\"elementor-element elementor-element-d9d8a10 elementor-widget__width-initial elementor-widget elementor-widget-image\" data-id=\"d9d8a10\" data-element_type=\"widget\" data-widget_type=\"image.default\">\n\t\t\t\t<div class=\"elementor-widget-container\">\n\t\t\t\t\t\t\t\t\t\t\t\t\t\t\t<img fetchpriority=\"high\" decoding=\"async\" width=\"512\" height=\"512\" src=\"https:\/\/azoreslab.com\/terauto\/wp-content\/uploads\/2025\/01\/Abarth-branco.png\" class=\"attachment-medium_large size-medium_large wp-image-969\" alt=\"\" srcset=\"https:\/\/azoreslab.com\/terauto\/wp-content\/uploads\/2025\/01\/Abarth-branco.png 512w, https:\/\/azoreslab.com\/terauto\/wp-content\/uploads\/2025\/01\/Abarth-branco-150x150.png 150w, https:\/\/azoreslab.com\/terauto\/wp-content\/uploads\/2025\/01\/Abarth-branco-300x300.png 300w, https:\/\/azoreslab.com\/terauto\/wp-content\/uploads\/2025\/01\/Abarth-branco-12x12.png 12w, https:\/\/azoreslab.com\/terauto\/wp-content\/uploads\/2025\/01\/Abarth-branco-100x100.png 100w\" sizes=\"(max-width: 512px) 100vw, 512px\" \/>\t\t\t\t\t\t\t\t\t\t\t\t\t\t\t<\/div>\n\t\t\t\t<\/div>\n\t\t\t\t<div class=\"elementor-element elementor-element-675d2787 elementor-widget__width-initial elementor-widget elementor-widget-heading\" data-id=\"675d2787\" data-element_type=\"widget\" data-widget_type=\"heading.default\">\n\t\t\t\t<div class=\"elementor-widget-container\">\n\t\t\t\t\t<h1 class=\"elementor-heading-title elementor-size-default\">abarth<\/h1>\t\t\t\t<\/div>\n\t\t\t\t<\/div>\n\t\t\t\t<\/div>\n\t\t<a class=\"elementor-element elementor-element-c667dd3 e-con-full e-flex elementor-invisible e-con e-child\" data-id=\"c667dd3\" data-element_type=\"container\" data-settings=\"{&quot;background_background&quot;:&quot;classic&quot;,&quot;animation&quot;:&quot;fadeInUp&quot;}\" href=\"#top\">\n\t\t\t\t<div class=\"elementor-element elementor-element-3f457ff elementor-view-default elementor-widget elementor-widget-icon\" data-id=\"3f457ff\" data-element_type=\"widget\" data-widget_type=\"icon.default\">\n\t\t\t\t<div class=\"elementor-widget-container\">\n\t\t\t\t\t\t\t<div class=\"elementor-icon-wrapper\">\n\t\t\t<div class=\"elementor-icon elementor-animation-grow\">\n\t\t\t<i aria-hidden=\"true\" class=\"rtmicon rtmicon-chevron-down\"><\/i>\t\t\t<\/div>\n\t\t<\/div>\n\t\t\t\t\t\t<\/div>\n\t\t\t\t<\/div>\n\t\t\t\t<\/a>\n\t\t\t\t<\/div>\n\t\t\t\t<\/div>\n\t\t<div class=\"elementor-element elementor-element-3268f283 e-flex e-con-boxed e-con e-parent\" data-id=\"3268f283\" data-element_type=\"container\" id=\"top\" data-settings=\"{&quot;background_background&quot;:&quot;classic&quot;}\">\n\t\t\t\t\t<div class=\"e-con-inner\">\n\t\t<div class=\"elementor-element elementor-element-187570f e-con-full e-flex e-con e-child\" data-id=\"187570f\" data-element_type=\"container\">\n\t\t\t\t<div class=\"elementor-element elementor-element-a8454b4 elementor-invisible elementor-widget elementor-widget-heading\" data-id=\"a8454b4\" data-element_type=\"widget\" data-settings=\"{&quot;_animation&quot;:&quot;fadeInUp&quot;}\" data-widget_type=\"heading.default\">\n\t\t\t\t<div class=\"elementor-widget-container\">\n\t\t\t\t\t<h2 class=\"elementor-heading-title elementor-size-default\">Performance <br>Sem Limites<\/h2>\t\t\t\t<\/div>\n\t\t\t\t<\/div>\n\t\t\t\t<div class=\"elementor-element elementor-element-733ddf5 elementor-widget-divider--view-line elementor-invisible elementor-widget elementor-widget-divider\" data-id=\"733ddf5\" data-element_type=\"widget\" data-settings=\"{&quot;_animation&quot;:&quot;fadeInUp&quot;}\" data-widget_type=\"divider.default\">\n\t\t\t\t<div class=\"elementor-widget-container\">\n\t\t\t\t\t\t\t<div class=\"elementor-divider\">\n\t\t\t<span class=\"elementor-divider-separator\">\n\t\t\t\t\t\t<\/span>\n\t\t<\/div>\n\t\t\t\t\t\t<\/div>\n\t\t\t\t<\/div>\n\t\t\t\t<div class=\"elementor-element elementor-element-6061829 elementor-widget__width-initial elementor-invisible elementor-widget elementor-widget-text-editor\" data-id=\"6061829\" data-element_type=\"widget\" data-settings=\"{&quot;_animation&quot;:&quot;fadeInUp&quot;}\" data-widget_type=\"text-editor.default\">\n\t\t\t\t<div class=\"elementor-widget-container\">\n\t\t\t\t\t\t\t\t\t<p>A Abarth \u00e9 sin\u00f3nimo de emo\u00e7\u00e3o, pot\u00eancia e esp\u00edrito desportivo. Inspirada no mundo das corridas, a marca transforma cada viagem numa experi\u00eancia \u00fanica, oferecendo autom\u00f3veis compactos de alta performance e design agressivo.<\/p><p>Com motores potentes e um som inconfund\u00edvel, os modelos Abarth foram feitos para quem procura adrenalina em cada curva. E para garantir que o seu Abarth continua a entregar m\u00e1xima performance, a Terauto disponibiliza servi\u00e7os de manuten\u00e7\u00e3o especializados, mantendo-o sempre pronto para a estrada.<\/p>\t\t\t\t\t\t\t\t<\/div>\n\t\t\t\t<\/div>\n\t\t\t\t<\/div>\n\t\t\t\t\t<\/div>\n\t\t\t\t<\/div>\n\t\t<div class=\"elementor-element elementor-element-f72fd58 e-flex e-con-boxed e-con e-parent\" data-id=\"f72fd58\" data-element_type=\"container\">\n\t\t\t\t\t<div class=\"e-con-inner\">\n\t\t<div class=\"elementor-element elementor-element-ee1e940 e-con-full e-flex e-con e-child\" data-id=\"ee1e940\" data-element_type=\"container\">\n\t\t\t\t<div class=\"elementor-element elementor-element-bac7ef7 elementor-invisible elementor-widget elementor-widget-heading\" data-id=\"bac7ef7\" data-element_type=\"widget\" data-settings=\"{&quot;_animation&quot;:&quot;fadeInUp&quot;}\" data-widget_type=\"heading.default\">\n\t\t\t\t<div class=\"elementor-widget-container\">\n\t\t\t\t\t<h2 class=\"elementor-heading-title elementor-size-default\">modelos<\/h2>\t\t\t\t<\/div>\n\t\t\t\t<\/div>\n\t\t\t\t<div class=\"elementor-element elementor-element-6702944 elementor-widget-divider--view-line elementor-invisible elementor-widget elementor-widget-divider\" data-id=\"6702944\" data-element_type=\"widget\" data-settings=\"{&quot;_animation&quot;:&quot;fadeInUp&quot;}\" data-widget_type=\"divider.default\">\n\t\t\t\t<div class=\"elementor-widget-container\">\n\t\t\t\t\t\t\t<div class=\"elementor-divider\">\n\t\t\t<span class=\"elementor-divider-separator\">\n\t\t\t\t\t\t<\/span>\n\t\t<\/div>\n\t\t\t\t\t\t<\/div>\n\t\t\t\t<\/div>\n\t\t<div class=\"elementor-element elementor-element-45d30f4 e-grid e-con-full e-con e-child\" data-id=\"45d30f4\" data-element_type=\"container\">\n\t\t<div class=\"elementor-element elementor-element-c55f4b1 e-con-full e-flex elementor-invisible e-con e-child\" data-id=\"c55f4b1\" data-element_type=\"container\" data-settings=\"{&quot;animation&quot;:&quot;fadeInUp&quot;}\">\n\t\t\t\t<div class=\"elementor-element elementor-element-4a38bdb elementor-widget elementor-widget-image\" data-id=\"4a38bdb\" data-element_type=\"widget\" data-widget_type=\"image.default\">\n\t\t\t\t<div class=\"elementor-widget-container\">\n\t\t\t\t\t\t\t\t\t\t\t\t\t\t\t<img decoding=\"async\" width=\"300\" height=\"135\" src=\"https:\/\/azoreslab.com\/terauto\/wp-content\/uploads\/2025\/01\/abarth-500-300x135.webp\" class=\"attachment-medium size-medium wp-image-1845\" alt=\"\" srcset=\"https:\/\/azoreslab.com\/terauto\/wp-content\/uploads\/2025\/01\/abarth-500-300x135.webp 300w, https:\/\/azoreslab.com\/terauto\/wp-content\/uploads\/2025\/01\/abarth-500-768x345.webp 768w, https:\/\/azoreslab.com\/terauto\/wp-content\/uploads\/2025\/01\/abarth-500-18x8.webp 18w, https:\/\/azoreslab.com\/terauto\/wp-content\/uploads\/2025\/01\/abarth-500-600x270.webp 600w, https:\/\/azoreslab.com\/terauto\/wp-content\/uploads\/2025\/01\/abarth-500.webp 1024w\" sizes=\"(max-width: 300px) 100vw, 300px\" \/>\t\t\t\t\t\t\t\t\t\t\t\t\t\t\t<\/div>\n\t\t\t\t<\/div>\n\t\t\t\t<div class=\"elementor-element elementor-element-2c8d7b4 elementor-widget elementor-widget-heading\" data-id=\"2c8d7b4\" data-element_type=\"widget\" data-widget_type=\"heading.default\">\n\t\t\t\t<div class=\"elementor-widget-container\">\n\t\t\t\t\t<h2 class=\"elementor-heading-title elementor-size-default\">500 e<\/h2>\t\t\t\t<\/div>\n\t\t\t\t<\/div>\n\t\t\t\t<div class=\"elementor-element elementor-element-c308bcf elementor-mobile-align-center elementor-icon-list--layout-inline elementor-list-item-link-full_width elementor-widget elementor-widget-icon-list\" data-id=\"c308bcf\" data-element_type=\"widget\" data-widget_type=\"icon-list.default\">\n\t\t\t\t<div class=\"elementor-widget-container\">\n\t\t\t\t\t\t\t<ul class=\"elementor-icon-list-items elementor-inline-items\">\n\t\t\t\t\t\t\t<li class=\"elementor-icon-list-item elementor-inline-item\">\n\t\t\t\t\t\t\t\t\t\t\t<span class=\"elementor-icon-list-icon\">\n\t\t\t\t\t\t\t<svg xmlns=\"http:\/\/www.w3.org\/2000\/svg\" viewBox=\"0 0 64 64\"><g id=\"Layer_1\"><\/g><g id=\"Camera\"><\/g><g id=\"Router\"><\/g><g id=\"Socket\"><\/g><g id=\"Joystick\"><\/g><g id=\"Radio\"><\/g><g id=\"Fridge\"><\/g><g id=\"Walkie_Talkie\"><\/g><g id=\"Washing_Machine\"><\/g><g id=\"Iron\"><\/g><g id=\"TV\"><\/g><g id=\"Printer\"><\/g><g id=\"Laptop\"><\/g><g id=\"Headphone\"><\/g><g id=\"Tablet\"><\/g><g id=\"Action_Cam\"><\/g><g id=\"Electricity\"><g><path d=\"m32 1.073c-17.094 0-31 13.907-31 31 0 15.768 11.809 29.021 27.493 30.829.169.017.337.025.505.025 1.231 0 2.432-.456 3.354-1.289 1.047-.946 1.648-2.299 1.648-3.711v-7.066c7.88-.989 14-7.717 14-15.861v-10c0-1.104-.896-2-2-2h-1v-6.5c0-3.033-2.468-5.5-5.5-5.5s-5.5 2.467-5.5 5.5v6.5h-4v-6.5c0-3.033-2.468-5.5-5.5-5.5s-5.5 2.467-5.5 5.5v6.5h-1c-1.104 0-2 .896-2 2v10c0 8.144 6.12 14.872 14 15.861v7.066c0 .283-.12.554-.33.743-.209.189-.504.279-.744.255-13.64-1.572-23.926-13.116-23.926-26.852 0-14.888 12.112-27 27-27s27 12.112 27 27c0 10.334-5.762 19.61-15.038 24.208-.989.491-1.394 1.69-.903 2.68.491.989 1.688 1.395 2.681.904 10.646-5.278 17.26-15.927 17.26-27.792 0-17.094-13.906-31-31-31zm6 15.427c0-.827.673-1.5 1.5-1.5s1.5.673 1.5 1.5v6.5h-3zm-15 0c0-.827.673-1.5 1.5-1.5s1.5.673 1.5 1.5v6.5h-3zm-3 18.5v-8h24v8c0 6.617-5.383 12-12 12s-12-5.383-12-12z\"><\/path><path d=\"m37 39c0-1.104-.896-2-2-2h-6c-1.104 0-2 .896-2 2s.896 2 2 2h6c1.104 0 2-.896 2-2z\"><\/path><\/g><\/g><g id=\"Monitor\"><\/g><g id=\"Bluetooth_Speaker\"><\/g><g id=\"Smartphone\"><\/g><g id=\"Webcam\"><\/g><\/svg>\t\t\t\t\t\t<\/span>\n\t\t\t\t\t\t\t\t\t\t<span class=\"elementor-icon-list-text\">el\u00e9trico<\/span>\n\t\t\t\t\t\t\t\t\t<\/li>\n\t\t\t\t\t\t<\/ul>\n\t\t\t\t\t\t<\/div>\n\t\t\t\t<\/div>\n\t\t<div class=\"elementor-element elementor-element-4c1c469 e-con-full e-flex e-con e-child\" data-id=\"4c1c469\" data-element_type=\"container\">\n\t\t\t\t<div class=\"elementor-element elementor-element-e03def0 elementor-widget__width-initial elementor-widget elementor-widget-button\" data-id=\"e03def0\" data-element_type=\"widget\" data-widget_type=\"button.default\">\n\t\t\t\t<div class=\"elementor-widget-container\">\n\t\t\t\t\t\t\t\t\t<div class=\"elementor-button-wrapper\">\n\t\t\t\t\t<a class=\"elementor-button elementor-button-link elementor-size-sm elementor-animation-grow\" href=\"https:\/\/www.abarth.pt\/configurador\/#\/500e\/\" target=\"_blank\">\n\t\t\t\t\t\t<span class=\"elementor-button-content-wrapper\">\n\t\t\t\t\t\t\t\t\t<span class=\"elementor-button-text\">configurar<\/span>\n\t\t\t\t\t<\/span>\n\t\t\t\t\t<\/a>\n\t\t\t\t<\/div>\n\t\t\t\t\t\t\t\t<\/div>\n\t\t\t\t<\/div>\n\t\t\t\t<div class=\"elementor-element elementor-element-b9268a2 elementor-widget__width-initial elementor-widget elementor-widget-button\" data-id=\"b9268a2\" data-element_type=\"widget\" data-widget_type=\"button.default\">\n\t\t\t\t<div class=\"elementor-widget-container\">\n\t\t\t\t\t\t\t\t\t<div class=\"elementor-button-wrapper\">\n\t\t\t\t\t<a class=\"elementor-button elementor-button-link elementor-size-sm elementor-animation-grow\" href=\"https:\/\/azoreslab.com\/terauto\/contacto\/?catviatura=NOVOS&#038;marca=Abarth&#038;modelo=500%20e\">\n\t\t\t\t\t\t<span class=\"elementor-button-content-wrapper\">\n\t\t\t\t\t\t\t\t\t<span class=\"elementor-button-text\">contacte-nos<\/span>\n\t\t\t\t\t<\/span>\n\t\t\t\t\t<\/a>\n\t\t\t\t<\/div>\n\t\t\t\t\t\t\t\t<\/div>\n\t\t\t\t<\/div>\n\t\t\t\t<\/div>\n\t\t\t\t<\/div>\n\t\t<div class=\"elementor-element elementor-element-2af4b2c e-con-full e-flex elementor-invisible e-con e-child\" data-id=\"2af4b2c\" data-element_type=\"container\" data-settings=\"{&quot;animation&quot;:&quot;fadeInUp&quot;}\">\n\t\t\t\t<div class=\"elementor-element elementor-element-9c4d34d elementor-widget elementor-widget-image\" data-id=\"9c4d34d\" data-element_type=\"widget\" data-widget_type=\"image.default\">\n\t\t\t\t<div class=\"elementor-widget-container\">\n\t\t\t\t\t\t\t\t\t\t\t\t\t\t\t<img decoding=\"async\" width=\"300\" height=\"135\" src=\"https:\/\/azoreslab.com\/terauto\/wp-content\/uploads\/2025\/01\/abarth-600-300x135.webp\" class=\"attachment-medium size-medium wp-image-1844\" alt=\"\" srcset=\"https:\/\/azoreslab.com\/terauto\/wp-content\/uploads\/2025\/01\/abarth-600-300x135.webp 300w, https:\/\/azoreslab.com\/terauto\/wp-content\/uploads\/2025\/01\/abarth-600-768x345.webp 768w, https:\/\/azoreslab.com\/terauto\/wp-content\/uploads\/2025\/01\/abarth-600-18x8.webp 18w, https:\/\/azoreslab.com\/terauto\/wp-content\/uploads\/2025\/01\/abarth-600-600x270.webp 600w, https:\/\/azoreslab.com\/terauto\/wp-content\/uploads\/2025\/01\/abarth-600.webp 1024w\" sizes=\"(max-width: 300px) 100vw, 300px\" \/>\t\t\t\t\t\t\t\t\t\t\t\t\t\t\t<\/div>\n\t\t\t\t<\/div>\n\t\t\t\t<div class=\"elementor-element elementor-element-4efac3f elementor-widget elementor-widget-heading\" data-id=\"4efac3f\" data-element_type=\"widget\" data-widget_type=\"heading.default\">\n\t\t\t\t<div class=\"elementor-widget-container\">\n\t\t\t\t\t<h2 class=\"elementor-heading-title elementor-size-default\">600 e<\/h2>\t\t\t\t<\/div>\n\t\t\t\t<\/div>\n\t\t\t\t<div class=\"elementor-element elementor-element-d7ff180 elementor-mobile-align-center elementor-icon-list--layout-inline elementor-list-item-link-full_width elementor-widget elementor-widget-icon-list\" data-id=\"d7ff180\" data-element_type=\"widget\" data-widget_type=\"icon-list.default\">\n\t\t\t\t<div class=\"elementor-widget-container\">\n\t\t\t\t\t\t\t<ul class=\"elementor-icon-list-items elementor-inline-items\">\n\t\t\t\t\t\t\t<li class=\"elementor-icon-list-item elementor-inline-item\">\n\t\t\t\t\t\t\t\t\t\t\t<span class=\"elementor-icon-list-icon\">\n\t\t\t\t\t\t\t<svg xmlns=\"http:\/\/www.w3.org\/2000\/svg\" viewBox=\"0 0 64 64\"><g id=\"Layer_1\"><\/g><g id=\"Camera\"><\/g><g id=\"Router\"><\/g><g id=\"Socket\"><\/g><g id=\"Joystick\"><\/g><g id=\"Radio\"><\/g><g id=\"Fridge\"><\/g><g id=\"Walkie_Talkie\"><\/g><g id=\"Washing_Machine\"><\/g><g id=\"Iron\"><\/g><g id=\"TV\"><\/g><g id=\"Printer\"><\/g><g id=\"Laptop\"><\/g><g id=\"Headphone\"><\/g><g id=\"Tablet\"><\/g><g id=\"Action_Cam\"><\/g><g id=\"Electricity\"><g><path d=\"m32 1.073c-17.094 0-31 13.907-31 31 0 15.768 11.809 29.021 27.493 30.829.169.017.337.025.505.025 1.231 0 2.432-.456 3.354-1.289 1.047-.946 1.648-2.299 1.648-3.711v-7.066c7.88-.989 14-7.717 14-15.861v-10c0-1.104-.896-2-2-2h-1v-6.5c0-3.033-2.468-5.5-5.5-5.5s-5.5 2.467-5.5 5.5v6.5h-4v-6.5c0-3.033-2.468-5.5-5.5-5.5s-5.5 2.467-5.5 5.5v6.5h-1c-1.104 0-2 .896-2 2v10c0 8.144 6.12 14.872 14 15.861v7.066c0 .283-.12.554-.33.743-.209.189-.504.279-.744.255-13.64-1.572-23.926-13.116-23.926-26.852 0-14.888 12.112-27 27-27s27 12.112 27 27c0 10.334-5.762 19.61-15.038 24.208-.989.491-1.394 1.69-.903 2.68.491.989 1.688 1.395 2.681.904 10.646-5.278 17.26-15.927 17.26-27.792 0-17.094-13.906-31-31-31zm6 15.427c0-.827.673-1.5 1.5-1.5s1.5.673 1.5 1.5v6.5h-3zm-15 0c0-.827.673-1.5 1.5-1.5s1.5.673 1.5 1.5v6.5h-3zm-3 18.5v-8h24v8c0 6.617-5.383 12-12 12s-12-5.383-12-12z\"><\/path><path d=\"m37 39c0-1.104-.896-2-2-2h-6c-1.104 0-2 .896-2 2s.896 2 2 2h6c1.104 0 2-.896 2-2z\"><\/path><\/g><\/g><g id=\"Monitor\"><\/g><g id=\"Bluetooth_Speaker\"><\/g><g id=\"Smartphone\"><\/g><g id=\"Webcam\"><\/g><\/svg>\t\t\t\t\t\t<\/span>\n\t\t\t\t\t\t\t\t\t\t<span class=\"elementor-icon-list-text\">el\u00e9trico<\/span>\n\t\t\t\t\t\t\t\t\t<\/li>\n\t\t\t\t\t\t<\/ul>\n\t\t\t\t\t\t<\/div>\n\t\t\t\t<\/div>\n\t\t<div class=\"elementor-element elementor-element-60d0bff e-con-full e-flex e-con e-child\" data-id=\"60d0bff\" data-element_type=\"container\">\n\t\t\t\t<div class=\"elementor-element elementor-element-c79d98e elementor-widget__width-initial elementor-widget elementor-widget-button\" data-id=\"c79d98e\" data-element_type=\"widget\" data-widget_type=\"button.default\">\n\t\t\t\t<div class=\"elementor-widget-container\">\n\t\t\t\t\t\t\t\t\t<div class=\"elementor-button-wrapper\">\n\t\t\t\t\t<a class=\"elementor-button elementor-button-link elementor-size-sm elementor-animation-grow\" href=\"https:\/\/www.abarth.pt\/configurador\/#\/600e\/\" target=\"_blank\">\n\t\t\t\t\t\t<span class=\"elementor-button-content-wrapper\">\n\t\t\t\t\t\t\t\t\t<span class=\"elementor-button-text\">configurar<\/span>\n\t\t\t\t\t<\/span>\n\t\t\t\t\t<\/a>\n\t\t\t\t<\/div>\n\t\t\t\t\t\t\t\t<\/div>\n\t\t\t\t<\/div>\n\t\t\t\t<div class=\"elementor-element elementor-element-cd6b2ad elementor-widget__width-initial elementor-widget elementor-widget-button\" data-id=\"cd6b2ad\" data-element_type=\"widget\" data-widget_type=\"button.default\">\n\t\t\t\t<div class=\"elementor-widget-container\">\n\t\t\t\t\t\t\t\t\t<div class=\"elementor-button-wrapper\">\n\t\t\t\t\t<a class=\"elementor-button elementor-button-link elementor-size-sm elementor-animation-grow\" href=\"https:\/\/azoreslab.com\/terauto\/contacto\/?catviatura=NOVOS&#038;marca=Abarth&#038;modelo=600%20e\">\n\t\t\t\t\t\t<span class=\"elementor-button-content-wrapper\">\n\t\t\t\t\t\t\t\t\t<span class=\"elementor-button-text\">contacte-nos<\/span>\n\t\t\t\t\t<\/span>\n\t\t\t\t\t<\/a>\n\t\t\t\t<\/div>\n\t\t\t\t\t\t\t\t<\/div>\n\t\t\t\t<\/div>\n\t\t\t\t<\/div>\n\t\t\t\t<\/div>\n\t\t\t\t<\/div>\n\t\t\t\t<div class=\"elementor-element elementor-element-842779f elementor-align-center elementor-widget__width-inherit elementor-widget-tablet_extra__width-inherit elementor-widget-tablet__width-inherit elementor-widget-mobile_extra__width-inherit elementor-widget-mobile__width-inherit elementor-invisible elementor-widget elementor-widget-button\" data-id=\"842779f\" data-element_type=\"widget\" data-settings=\"{&quot;_animation&quot;:&quot;fadeInUp&quot;}\" data-widget_type=\"button.default\">\n\t\t\t\t<div class=\"elementor-widget-container\">\n\t\t\t\t\t\t\t\t\t<div class=\"elementor-button-wrapper\">\n\t\t\t\t\t<a class=\"elementor-button elementor-button-link elementor-size-sm elementor-animation-grow\" href=\"https:\/\/azoreslab.com\/terauto\/viaturas\/brands-abarth\">\n\t\t\t\t\t\t<span class=\"elementor-button-content-wrapper\">\n\t\t\t\t\t\t\t\t\t<span class=\"elementor-button-text\">MOSTRAR MAIS<\/span>\n\t\t\t\t\t<\/span>\n\t\t\t\t\t<\/a>\n\t\t\t\t<\/div>\n\t\t\t\t\t\t\t\t<\/div>\n\t\t\t\t<\/div>\n\t\t\t\t<\/div>\n\t\t<div class=\"elementor-element elementor-element-325ae5f e-con-full e-flex e-con e-child\" data-id=\"325ae5f\" data-element_type=\"container\" data-settings=\"{&quot;animation_laptop&quot;:&quot;fadeInUp&quot;,&quot;sticky&quot;:&quot;top&quot;,&quot;sticky_offset&quot;:100,&quot;sticky_effects_offset&quot;:100,&quot;sticky_parent&quot;:&quot;yes&quot;,&quot;sticky_on&quot;:[&quot;widescreen&quot;,&quot;desktop&quot;,&quot;laptop&quot;,&quot;tablet_extra&quot;,&quot;tablet&quot;,&quot;mobile_extra&quot;],&quot;sticky_anchor_link_offset&quot;:0}\">\n\t\t\t\t<div class=\"elementor-element elementor-element-f09b9fe elementor-invisible elementor-widget elementor-widget-heading\" data-id=\"f09b9fe\" data-element_type=\"widget\" data-settings=\"{&quot;_animation&quot;:&quot;fadeInUp&quot;}\" data-widget_type=\"heading.default\">\n\t\t\t\t<div class=\"elementor-widget-container\">\n\t\t\t\t\t<h2 class=\"elementor-heading-title elementor-size-default\">A Sua Experi\u00eancia Come\u00e7a Aqui<\/h2>\t\t\t\t<\/div>\n\t\t\t\t<\/div>\n\t\t\t\t<div class=\"elementor-element elementor-element-1dcb83b elementor-widget-divider--view-line elementor-invisible elementor-widget elementor-widget-divider\" data-id=\"1dcb83b\" data-element_type=\"widget\" data-settings=\"{&quot;_animation&quot;:&quot;fadeInUp&quot;}\" data-widget_type=\"divider.default\">\n\t\t\t\t<div class=\"elementor-widget-container\">\n\t\t\t\t\t\t\t<div class=\"elementor-divider\">\n\t\t\t<span class=\"elementor-divider-separator\">\n\t\t\t\t\t\t<\/span>\n\t\t<\/div>\n\t\t\t\t\t\t<\/div>\n\t\t\t\t<\/div>\n\t\t\t\t<div class=\"elementor-element elementor-element-ec817c0 elementor-align-center elementor-widget__width-inherit elementor-invisible elementor-widget elementor-widget-button\" data-id=\"ec817c0\" data-element_type=\"widget\" data-settings=\"{&quot;_animation&quot;:&quot;fadeInUp&quot;}\" data-widget_type=\"button.default\">\n\t\t\t\t<div class=\"elementor-widget-container\">\n\t\t\t\t\t\t\t\t\t<div class=\"elementor-button-wrapper\">\n\t\t\t\t\t<a class=\"elementor-button elementor-button-link elementor-size-sm elementor-animation-grow\" href=\"https:\/\/www.abarth.pt\/test-drive\" target=\"_blank\">\n\t\t\t\t\t\t<span class=\"elementor-button-content-wrapper\">\n\t\t\t\t\t\t\t\t\t<span class=\"elementor-button-text\">agendar test drive<\/span>\n\t\t\t\t\t<\/span>\n\t\t\t\t\t<\/a>\n\t\t\t\t<\/div>\n\t\t\t\t\t\t\t\t<\/div>\n\t\t\t\t<\/div>\n\t\t\t\t<div class=\"elementor-element elementor-element-daf3ee5 elementor-align-center elementor-widget__width-inherit elementor-invisible elementor-widget elementor-widget-button\" data-id=\"daf3ee5\" data-element_type=\"widget\" data-settings=\"{&quot;_animation&quot;:&quot;fadeInUp&quot;}\" data-widget_type=\"button.default\">\n\t\t\t\t<div class=\"elementor-widget-container\">\n\t\t\t\t\t\t\t\t\t<div class=\"elementor-button-wrapper\">\n\t\t\t\t\t<a class=\"elementor-button elementor-button-link elementor-size-sm elementor-animation-grow\" href=\"https:\/\/www.abarth.pt\/configurador\" target=\"_blank\">\n\t\t\t\t\t\t<span class=\"elementor-button-content-wrapper\">\n\t\t\t\t\t\t\t\t\t<span class=\"elementor-button-text\">configure o seu ABARTH<\/span>\n\t\t\t\t\t<\/span>\n\t\t\t\t\t<\/a>\n\t\t\t\t<\/div>\n\t\t\t\t\t\t\t\t<\/div>\n\t\t\t\t<\/div>\n\t\t\t\t<div class=\"elementor-element elementor-element-db4b1dd elementor-align-center elementor-widget__width-inherit elementor-invisible elementor-widget elementor-widget-button\" data-id=\"db4b1dd\" data-element_type=\"widget\" data-settings=\"{&quot;_animation&quot;:&quot;fadeInUp&quot;}\" data-widget_type=\"button.default\">\n\t\t\t\t<div class=\"elementor-widget-container\">\n\t\t\t\t\t\t\t\t\t<div class=\"elementor-button-wrapper\">\n\t\t\t\t\t<a class=\"elementor-button elementor-button-link elementor-size-sm elementor-animation-grow\" href=\"https:\/\/owners.mopar.eu\/abarth\/abarth-pt\/pt\/login\" target=\"_blank\">\n\t\t\t\t\t\t<span class=\"elementor-button-content-wrapper\">\n\t\t\t\t\t\t\t\t\t<span class=\"elementor-button-text\">marcar um servi\u00e7o<\/span>\n\t\t\t\t\t<\/span>\n\t\t\t\t\t<\/a>\n\t\t\t\t<\/div>\n\t\t\t\t\t\t\t\t<\/div>\n\t\t\t\t<\/div>\n\t\t\t\t<\/div>\n\t\t\t\t\t<\/div>\n\t\t\t\t<\/div>\n\t\t<div class=\"elementor-element elementor-element-79172c6 e-con-full e-flex elementor-invisible e-con e-parent\" data-id=\"79172c6\" data-element_type=\"container\" data-settings=\"{&quot;background_background&quot;:&quot;video&quot;,&quot;background_video_link&quot;:&quot;https:\\\/\\\/www.youtube.com\\\/watch?v=lXnmPNevr_A&quot;,&quot;animation&quot;:&quot;fadeInUp&quot;,&quot;background_play_on_mobile&quot;:&quot;yes&quot;}\">\n\t\t<div class=\"elementor-background-video-container\">\n\t\t\t\t\t\t\t<div class=\"elementor-background-video-embed\"><\/div>\n\t\t\t\t\t\t<\/div>\t\t<\/div>\n\t\t\t\t<\/div>\n\t\t","protected":false},"excerpt":{"rendered":"<p>abarth Performance Sem Limites A Abarth \u00e9 sin\u00f3nimo de emo\u00e7\u00e3o, pot\u00eancia e esp\u00edrito desportivo. Inspirada no mundo das corridas, a marca transforma cada viagem numa experi\u00eancia \u00fanica, oferecendo autom\u00f3veis compactos de alta performance e design agressivo. Com motores potentes e um som inconfund\u00edvel, os modelos Abarth foram feitos para quem procura adrenalina em cada curva. [&hellip;]<\/p>\n","protected":false},"author":1,"featured_media":0,"parent":0,"menu_order":12,"comment_status":"closed","ping_status":"closed","template":"elementor_header_footer","meta":{"_acf_changed":false,"footnotes":""},"class_list":["post-1827","page","type-page","status-publish","hentry"],"acf":[],"_links":{"self":[{"href":"https:\/\/azoreslab.com\/terauto\/wp-json\/wp\/v2\/pages\/1827","targetHints":{"allow":["GET"]}}],"collection":[{"href":"https:\/\/azoreslab.com\/terauto\/wp-json\/wp\/v2\/pages"}],"about":[{"href":"https:\/\/azoreslab.com\/terauto\/wp-json\/wp\/v2\/types\/page"}],"author":[{"embeddable":true,"href":"https:\/\/azoreslab.com\/terauto\/wp-json\/wp\/v2\/users\/1"}],"replies":[{"embeddable":true,"href":"https:\/\/azoreslab.com\/terauto\/wp-json\/wp\/v2\/comments?post=1827"}],"version-history":[{"count":0,"href":"https:\/\/azoreslab.com\/terauto\/wp-json\/wp\/v2\/pages\/1827\/revisions"}],"wp:attachment":[{"href":"https:\/\/azoreslab.com\/terauto\/wp-json\/wp\/v2\/media?parent=1827"}],"curies":[{"name":"wp","href":"https:\/\/api.w.org\/{rel}","templated":true}]}}