{"id":3216,"date":"2025-02-18T19:58:28","date_gmt":"2025-02-18T20:58:28","guid":{"rendered":"https:\/\/azoreslab.com\/terauto\/?post_type=product&#038;p=3216"},"modified":"2025-04-03T18:23:35","modified_gmt":"2025-04-03T19:23:35","slug":"citroen-e-c3-aircross","status":"publish","type":"product","link":"https:\/\/azoreslab.com\/terauto\/en\/viaturas\/citroen-e-c3-aircross\/","title":{"rendered":"Citroen \u00eb-C3 Aircross"},"content":{"rendered":"<p>Damos as boas vindas a um novo membro da fam\u00edlia Citro\u00ebn! O Citro\u00ebn C3 Aircross tem agora uma vers\u00e3o 100% el\u00e9trica, a somar \u00e0 vers\u00e3o Gasolina 100cv e da vers\u00e3o H\u00edbrida 136cv. O novo \u00eb-C3 Aircross \u00e9 um SUV familiar concebido para ser o companheiro ideal das fam\u00edlias e das pessoas com um estilo de vida ativo. Este ve\u00edculo vers\u00e1til oferece modularidade e robustez, garantindo que responde a todas as suas necessidades.<\/p>","protected":false},"excerpt":{"rendered":"<p>Damos as boas vindas a um novo membro da fam\u00edlia Citro\u00ebn! O Citro\u00ebn C3 Aircross tem agora uma vers\u00e3o 100% el\u00e9trica, a somar \u00e0 vers\u00e3o Gasolina 100cv e da vers\u00e3o H\u00edbrida 136cv. O novo \u00eb-C3 Aircross \u00e9 um SUV familiar concebido para ser o companheiro ideal das fam\u00edlias e das pessoas com um estilo de [&hellip;]<\/p>","protected":false},"featured_media":1305,"template":"","meta":{"_acf_changed":false},"location":[50],"modelo":[97],"version":[758],"product_brand":[36],"product_cat":[33],"product_tag":[759,760,761,762],"class_list":{"0":"post-3216","1":"product","2":"type-product","3":"status-publish","4":"has-post-thumbnail","6":"location-terceira","7":"modelo-c3-aircross","8":"version-e-c3-aircross-max","9":"product_brand-citroen","10":"product_cat-novos","11":"product_tag-citroen","12":"product_tag-eletric","13":"product_tag-c3","14":"product_tag-aircross","16":"first","17":"instock","18":"shipping-taxable","19":"purchasable","20":"product-type-simple"},"acf":[],"locations":[{"id":50,"name":"TERCEIRA","slug":"terceira","quantity":"3"}],"_links":{"self":[{"href":"https:\/\/azoreslab.com\/terauto\/en\/wp-json\/wp\/v2\/product\/3216","targetHints":{"allow":["GET"]}}],"collection":[{"href":"https:\/\/azoreslab.com\/terauto\/en\/wp-json\/wp\/v2\/product"}],"about":[{"href":"https:\/\/azoreslab.com\/terauto\/en\/wp-json\/wp\/v2\/types\/product"}],"version-history":[{"count":0,"href":"https:\/\/azoreslab.com\/terauto\/en\/wp-json\/wp\/v2\/product\/3216\/revisions"}],"wp:featuredmedia":[{"embeddable":true,"href":"https:\/\/azoreslab.com\/terauto\/en\/wp-json\/wp\/v2\/media\/1305"}],"wp:attachment":[{"href":"https:\/\/azoreslab.com\/terauto\/en\/wp-json\/wp\/v2\/media?parent=3216"}],"wp:term":[{"taxonomy":"location","embeddable":true,"href":"https:\/\/azoreslab.com\/terauto\/en\/wp-json\/wp\/v2\/location?post=3216"},{"taxonomy":"modelo","embeddable":true,"href":"https:\/\/azoreslab.com\/terauto\/en\/wp-json\/wp\/v2\/modelo?post=3216"},{"taxonomy":"version","embeddable":true,"href":"https:\/\/azoreslab.com\/terauto\/en\/wp-json\/wp\/v2\/version?post=3216"},{"taxonomy":"product_brand","embeddable":true,"href":"https:\/\/azoreslab.com\/terauto\/en\/wp-json\/wp\/v2\/product_brand?post=3216"},{"taxonomy":"product_cat","embeddable":true,"href":"https:\/\/azoreslab.com\/terauto\/en\/wp-json\/wp\/v2\/product_cat?post=3216"},{"taxonomy":"product_tag","embeddable":true,"href":"https:\/\/azoreslab.com\/terauto\/en\/wp-json\/wp\/v2\/product_tag?post=3216"}],"curies":[{"name":"wp","href":"https:\/\/api.w.org\/{rel}","templated":true}]}}