{"id":2205,"date":"2025-02-03T23:26:42","date_gmt":"2025-02-04T00:26:42","guid":{"rendered":"https:\/\/azoreslab.com\/terauto\/?post_type=product&#038;p=2205"},"modified":"2025-04-03T18:23:40","modified_gmt":"2025-04-03T19:23:40","slug":"bmw-330e-berlina","status":"publish","type":"product","link":"https:\/\/azoreslab.com\/terauto\/en\/viaturas\/bmw-330e-berlina\/","title":{"rendered":"BMW 330e Berlina"},"content":{"rendered":"<p>The new BMW 330e Berlina plug-in hybrid combines driving dynamics and innovative hybrid technology. Purely electric, emission-free driving on short journeys with a range of 85 - 101 km (WLTP). The BMW 3 Series Berlina plug-in hybrid also reaches new heights in terms of design. Elegant lines characterise its exterior. And thanks to extensive remodelling, its modern interior impresses with even more comfort. User-friendly technologies and intelligent driver assistance systems enhance driving. Discover all the models of the new BMW 3 Series Berlina plug-in hybrid, its equipment options and technical data, as well as a wide range of leasing and financing options.<\/p>","protected":false},"excerpt":{"rendered":"<p>O novo h\u00edbrido plug-in BMW 330e Berlina combina a din\u00e2mica de condu\u00e7\u00e3o e a inovadora tecnologia h\u00edbrida. Condu\u00e7\u00e3o puramente el\u00e9trica e sem emiss\u00f5es em viagens de curta dist\u00e2ncia com uma autonomia de 85 &#8211; 101 km\u00a0(WLTP). O BMW S\u00e9rie 3 Berlina h\u00edbrido plug-in tamb\u00e9m atinge novos patamares em termos de design. Linhas elegantes caracterizam o [&hellip;]<\/p>","protected":false},"featured_media":2757,"template":"","meta":{"_acf_changed":false},"location":[50,48],"modelo":[140],"version":[621],"product_brand":[37],"product_cat":[33],"product_tag":[46,45,44],"class_list":{"0":"post-2205","1":"product","2":"type-product","3":"status-publish","4":"has-post-thumbnail","6":"location-terceira","7":"location-faial","8":"modelo-serie-3","9":"version-330e-touring-hibrido-plug-in-serie-3","10":"product_brand-bmw","11":"product_cat-novos","12":"product_tag-46","13":"product_tag-berlina","14":"product_tag-bmw","16":"first","17":"instock","18":"featured","19":"shipping-taxable","20":"purchasable","21":"product-type-simple"},"acf":[],"locations":[{"id":50,"name":"TERCEIRA","slug":"terceira","quantity":"3"},{"id":48,"name":"FAIAL","slug":"faial","quantity":"1"}],"_links":{"self":[{"href":"https:\/\/azoreslab.com\/terauto\/en\/wp-json\/wp\/v2\/product\/2205","targetHints":{"allow":["GET"]}}],"collection":[{"href":"https:\/\/azoreslab.com\/terauto\/en\/wp-json\/wp\/v2\/product"}],"about":[{"href":"https:\/\/azoreslab.com\/terauto\/en\/wp-json\/wp\/v2\/types\/product"}],"version-history":[{"count":0,"href":"https:\/\/azoreslab.com\/terauto\/en\/wp-json\/wp\/v2\/product\/2205\/revisions"}],"wp:featuredmedia":[{"embeddable":true,"href":"https:\/\/azoreslab.com\/terauto\/en\/wp-json\/wp\/v2\/media\/2757"}],"wp:attachment":[{"href":"https:\/\/azoreslab.com\/terauto\/en\/wp-json\/wp\/v2\/media?parent=2205"}],"wp:term":[{"taxonomy":"location","embeddable":true,"href":"https:\/\/azoreslab.com\/terauto\/en\/wp-json\/wp\/v2\/location?post=2205"},{"taxonomy":"modelo","embeddable":true,"href":"https:\/\/azoreslab.com\/terauto\/en\/wp-json\/wp\/v2\/modelo?post=2205"},{"taxonomy":"version","embeddable":true,"href":"https:\/\/azoreslab.com\/terauto\/en\/wp-json\/wp\/v2\/version?post=2205"},{"taxonomy":"product_brand","embeddable":true,"href":"https:\/\/azoreslab.com\/terauto\/en\/wp-json\/wp\/v2\/product_brand?post=2205"},{"taxonomy":"product_cat","embeddable":true,"href":"https:\/\/azoreslab.com\/terauto\/en\/wp-json\/wp\/v2\/product_cat?post=2205"},{"taxonomy":"product_tag","embeddable":true,"href":"https:\/\/azoreslab.com\/terauto\/en\/wp-json\/wp\/v2\/product_tag?post=2205"}],"curies":[{"name":"wp","href":"https:\/\/api.w.org\/{rel}","templated":true}]}}